{"id":20,"date":"2025-09-30T15:53:04","date_gmt":"2025-09-30T15:53:04","guid":{"rendered":"https:\/\/projektkanonen.dk\/?page_id=20"},"modified":"2025-09-30T18:40:59","modified_gmt":"2025-09-30T18:40:59","slug":"forside","status":"publish","type":"page","link":"https:\/\/projektkanonen.dk\/","title":{"rendered":"Projektkanonen #1"},"content":{"rendered":"\n<div class=\"wp-block-group alignwide has-border-color has-custom-color-2-border-color has-global-padding is-layout-constrained wp-block-group-is-layout-constrained\" style=\"border-width:6px\">\n<div class=\"wp-block-group has-background has-global-padding is-layout-constrained wp-block-group-is-layout-constrained\" style=\"background-color:#f9b233\">\n<div style=\"height:68px\" aria-hidden=\"true\" class=\"wp-block-spacer\"><\/div>\n\n\n\n<figure class=\"wp-block-image aligncenter size-medium\"><img loading=\"lazy\" decoding=\"async\" width=\"300\" height=\"263\" src=\"https:\/\/projektkanonen.dk\/wp-content\/uploads\/2025\/09\/Projektkanonen-logo-hvid-baggrund-300x263.png\" alt=\"\" class=\"wp-image-26\" srcset=\"https:\/\/projektkanonen.dk\/wp-content\/uploads\/2025\/09\/Projektkanonen-logo-hvid-baggrund-300x263.png 300w, https:\/\/projektkanonen.dk\/wp-content\/uploads\/2025\/09\/Projektkanonen-logo-hvid-baggrund-1024x898.png 1024w, https:\/\/projektkanonen.dk\/wp-content\/uploads\/2025\/09\/Projektkanonen-logo-hvid-baggrund-768x673.png 768w, https:\/\/projektkanonen.dk\/wp-content\/uploads\/2025\/09\/Projektkanonen-logo-hvid-baggrund-1536x1347.png 1536w, https:\/\/projektkanonen.dk\/wp-content\/uploads\/2025\/09\/Projektkanonen-logo-hvid-baggrund-2048x1795.png 2048w\" sizes=\"auto, (max-width: 300px) 100vw, 300px\" \/><\/figure>\n\n\n\n<div style=\"height:37px\" aria-hidden=\"true\" class=\"wp-block-spacer\"><\/div>\n\n\n\n<figure class=\"wp-block-image size-large\"><img loading=\"lazy\" decoding=\"async\" width=\"1024\" height=\"231\" src=\"https:\/\/projektkanonen.dk\/wp-content\/uploads\/2025\/09\/PK1-Giv-de-unge-en-stemme-1024x231.png\" alt=\"\" class=\"wp-image-24\" srcset=\"https:\/\/projektkanonen.dk\/wp-content\/uploads\/2025\/09\/PK1-Giv-de-unge-en-stemme-1024x231.png 1024w, https:\/\/projektkanonen.dk\/wp-content\/uploads\/2025\/09\/PK1-Giv-de-unge-en-stemme-300x68.png 300w, https:\/\/projektkanonen.dk\/wp-content\/uploads\/2025\/09\/PK1-Giv-de-unge-en-stemme-768x173.png 768w, https:\/\/projektkanonen.dk\/wp-content\/uploads\/2025\/09\/PK1-Giv-de-unge-en-stemme-1536x346.png 1536w, https:\/\/projektkanonen.dk\/wp-content\/uploads\/2025\/09\/PK1-Giv-de-unge-en-stemme-2048x462.png 2048w\" sizes=\"auto, (max-width: 1024px) 100vw, 1024px\" \/><\/figure>\n\n\n\n<div style=\"height:14px\" aria-hidden=\"true\" class=\"wp-block-spacer\"><\/div>\n\n\n\n<div class=\"wp-block-group has-base-color has-text-color has-background has-link-color has-awconqueror-std-didot-font-family wp-elements-518c7142aed9515062eb72913ab66a9c has-global-padding is-layout-constrained wp-container-core-group-is-layout-19e250f3 wp-block-group-is-layout-constrained\" style=\"background-color:#be1622\">\n<p class=\"has-text-align-center has-acme-gothic-compressed-font-family has-x-large-font-size\">TORSDAG 23. OKTOBER 2025<\/p>\n\n\n\n<p class=\"has-text-align-center has-acme-gothic-compressed-font-family has-x-large-font-size\">KLOKKEN 19:00 HOLMEB\u00c6KSKOLEN (KANTINEN)<\/p>\n<\/div>\n\n\n\n<div style=\"height:7px\" aria-hidden=\"true\" class=\"wp-block-spacer\"><\/div>\n\n\n\n<div class=\"wp-block-group has-contrast-color has-text-color has-background has-link-color has-acme-gothic-font-family has-x-large-font-size wp-elements-5bdb29ffebdb76772ff5b0d1a6330305 has-global-padding is-layout-constrained wp-container-core-group-is-layout-d01d9334 wp-block-group-is-layout-constrained\" style=\"background-color:#f9b233;line-height:1.5\">\n<p class=\"has-text-align-center has-acme-gothic-condensed-font-family has-x-large-font-size\">Initiativforeningen inviterer til workshop med emnet <\/p>\n\n\n\n<div style=\"height:15px\" aria-hidden=\"true\" class=\"wp-block-spacer\"><\/div>\n\n\n\n<p class=\"has-text-align-center has-acme-gothic-condensed-font-family\" style=\"font-style:normal;font-weight:400\"><strong>\u201dGiv de unge en stemme\u201d<\/strong> <\/p>\n\n\n\n<div style=\"height:15px\" aria-hidden=\"true\" class=\"wp-block-spacer\"><\/div>\n\n\n\n<p class=\"has-text-align-center has-acme-gothic-condensed-font-family\">Workshoppens form\u00e5l er at finde p\u00e5 tiltag\/projekter\/events som kan f\u00e5 de unge i tale om hvad Herf\u00f8lge mangler for at v\u00e6re et fedt og trygt sted at vokse op. <\/p>\n\n\n\n<div style=\"height:18px\" aria-hidden=\"true\" class=\"wp-block-spacer\"><\/div>\n\n\n\n<p class=\"has-text-align-center has-acme-gothic-condensed-font-family\">Projektkanonen er det f\u00f8rste af en r\u00e6kke tilbagevendende events arrangeret af Initiativforeningen, hvor borgere p\u00e5 tv\u00e6rs af alder og baggrund kan v\u00e6re med til at skabe projekter, der g\u00f8r en forskel.<\/p>\n\n\n\n<div style=\"height:12px\" aria-hidden=\"true\" class=\"wp-block-spacer\"><\/div>\n<\/div>\n\n\n\n<div class=\"wp-block-group has-contrast-color has-text-color has-background has-link-color has-acme-gothic-font-family wp-elements-4cc0018c3f2bfd5a7db5dd9e242cc463 has-global-padding is-layout-constrained wp-container-core-group-is-layout-19e250f3 wp-block-group-is-layout-constrained\" style=\"background-color:#f9b233\">\n<p class=\"has-text-align-center has-acme-gothic-condensed-font-family has-small-font-size\">Se mere p\u00e5 <a href=\"http:\/\/www.projektkanonen.dk\/\" target=\"_blank\" rel=\"noreferrer noopener\">www.projektkanonen.dk<\/a> &amp; <a href=\"http:\/\/www.initiativforeningen.dk\/\" target=\"_blank\" rel=\"noreferrer noopener\">www.initiativforeningen.dk<\/a><\/p>\n\n\n\n<p class=\"has-text-align-center has-small-font-size\">Sidst opdateret 30\/9-2025<\/p>\n<\/div>\n<\/div>\n<\/div>\n\n\n\n<p><\/p>\n","protected":false},"excerpt":{"rendered":"<p>TORSDAG 23. OKTOBER 2025 KLOKKEN 19:00 HOLMEB\u00c6KSKOLEN (KANTINEN) Initiativforeningen inviterer til workshop med emnet \u201dGiv de unge en stemme\u201d Workshoppens form\u00e5l er at finde p\u00e5 tiltag\/projekter\/events som kan f\u00e5 de unge i tale om hvad Herf\u00f8lge mangler for at v\u00e6re et fedt og trygt sted at vokse op. Projektkanonen er det f\u00f8rste af en r\u00e6kke [&hellip;]<\/p>\n","protected":false},"author":1,"featured_media":27,"parent":0,"menu_order":0,"comment_status":"closed","ping_status":"closed","template":"page-no-title","meta":{"footnotes":""},"class_list":["post-20","page","type-page","status-publish","has-post-thumbnail","hentry"],"yoast_head":"<!-- This site is optimized with the Yoast SEO plugin v27.4 - https:\/\/yoast.com\/product\/yoast-seo-wordpress\/ -->\n<title>Projektkanonen #1 -<\/title>\n<meta name=\"robots\" content=\"index, follow, max-snippet:-1, max-image-preview:large, max-video-preview:-1\" \/>\n<link rel=\"canonical\" href=\"https:\/\/projektkanonen.dk\/\" \/>\n<meta property=\"og:locale\" content=\"da_DK\" \/>\n<meta property=\"og:type\" content=\"article\" \/>\n<meta property=\"og:title\" content=\"Projektkanonen #1 -\" \/>\n<meta property=\"og:description\" content=\"TORSDAG 23. OKTOBER 2025 KLOKKEN 19:00 HOLMEB\u00c6KSKOLEN (KANTINEN) Initiativforeningen inviterer til workshop med emnet \u201dGiv de unge en stemme\u201d Workshoppens form\u00e5l er at finde p\u00e5 tiltag\/projekter\/events som kan f\u00e5 de unge i tale om hvad Herf\u00f8lge mangler for at v\u00e6re et fedt og trygt sted at vokse op. Projektkanonen er det f\u00f8rste af en r\u00e6kke [&hellip;]\" \/>\n<meta property=\"og:url\" content=\"https:\/\/projektkanonen.dk\/\" \/>\n<meta property=\"article:modified_time\" content=\"2025-09-30T18:40:59+00:00\" \/>\n<meta property=\"og:image\" content=\"https:\/\/projektkanonen.dk\/wp-content\/uploads\/2025\/09\/Projektkanonen-logo.png\" \/>\n\t<meta property=\"og:image:width\" content=\"560\" \/>\n\t<meta property=\"og:image:height\" content=\"480\" \/>\n\t<meta property=\"og:image:type\" content=\"image\/png\" \/>\n<meta name=\"twitter:card\" content=\"summary_large_image\" \/>\n<meta name=\"twitter:label1\" content=\"Estimeret l\u00e6setid\" \/>\n\t<meta name=\"twitter:data1\" content=\"2 minutter\" \/>\n<script type=\"application\/ld+json\" class=\"yoast-schema-graph\">{\"@context\":\"https:\\\/\\\/schema.org\",\"@graph\":[{\"@type\":\"WebPage\",\"@id\":\"https:\\\/\\\/projektkanonen.dk\\\/\",\"url\":\"https:\\\/\\\/projektkanonen.dk\\\/\",\"name\":\"Projektkanonen #1 -\",\"isPartOf\":{\"@id\":\"https:\\\/\\\/projektkanonen.dk\\\/#website\"},\"primaryImageOfPage\":{\"@id\":\"https:\\\/\\\/projektkanonen.dk\\\/#primaryimage\"},\"image\":{\"@id\":\"https:\\\/\\\/projektkanonen.dk\\\/#primaryimage\"},\"thumbnailUrl\":\"https:\\\/\\\/projektkanonen.dk\\\/wp-content\\\/uploads\\\/2025\\\/09\\\/Projektkanonen-logo.png\",\"datePublished\":\"2025-09-30T15:53:04+00:00\",\"dateModified\":\"2025-09-30T18:40:59+00:00\",\"breadcrumb\":{\"@id\":\"https:\\\/\\\/projektkanonen.dk\\\/#breadcrumb\"},\"inLanguage\":\"da-DK\",\"potentialAction\":[{\"@type\":\"ReadAction\",\"target\":[\"https:\\\/\\\/projektkanonen.dk\\\/\"]}]},{\"@type\":\"ImageObject\",\"inLanguage\":\"da-DK\",\"@id\":\"https:\\\/\\\/projektkanonen.dk\\\/#primaryimage\",\"url\":\"https:\\\/\\\/projektkanonen.dk\\\/wp-content\\\/uploads\\\/2025\\\/09\\\/Projektkanonen-logo.png\",\"contentUrl\":\"https:\\\/\\\/projektkanonen.dk\\\/wp-content\\\/uploads\\\/2025\\\/09\\\/Projektkanonen-logo.png\",\"width\":560,\"height\":480},{\"@type\":\"BreadcrumbList\",\"@id\":\"https:\\\/\\\/projektkanonen.dk\\\/#breadcrumb\",\"itemListElement\":[{\"@type\":\"ListItem\",\"position\":1,\"name\":\"Hjem\",\"item\":\"https:\\\/\\\/projektkanonen.dk\\\/\"},{\"@type\":\"ListItem\",\"position\":2,\"name\":\"Projektkanonen #1\"}]},{\"@type\":\"WebSite\",\"@id\":\"https:\\\/\\\/projektkanonen.dk\\\/#website\",\"url\":\"https:\\\/\\\/projektkanonen.dk\\\/\",\"name\":\"\",\"description\":\"\",\"potentialAction\":[{\"@type\":\"SearchAction\",\"target\":{\"@type\":\"EntryPoint\",\"urlTemplate\":\"https:\\\/\\\/projektkanonen.dk\\\/?s={search_term_string}\"},\"query-input\":{\"@type\":\"PropertyValueSpecification\",\"valueRequired\":true,\"valueName\":\"search_term_string\"}}],\"inLanguage\":\"da-DK\"}]}<\/script>\n<!-- \/ Yoast SEO plugin. -->","yoast_head_json":{"title":"Projektkanonen #1 -","robots":{"index":"index","follow":"follow","max-snippet":"max-snippet:-1","max-image-preview":"max-image-preview:large","max-video-preview":"max-video-preview:-1"},"canonical":"https:\/\/projektkanonen.dk\/","og_locale":"da_DK","og_type":"article","og_title":"Projektkanonen #1 -","og_description":"TORSDAG 23. OKTOBER 2025 KLOKKEN 19:00 HOLMEB\u00c6KSKOLEN (KANTINEN) Initiativforeningen inviterer til workshop med emnet \u201dGiv de unge en stemme\u201d Workshoppens form\u00e5l er at finde p\u00e5 tiltag\/projekter\/events som kan f\u00e5 de unge i tale om hvad Herf\u00f8lge mangler for at v\u00e6re et fedt og trygt sted at vokse op. Projektkanonen er det f\u00f8rste af en r\u00e6kke [&hellip;]","og_url":"https:\/\/projektkanonen.dk\/","article_modified_time":"2025-09-30T18:40:59+00:00","og_image":[{"width":560,"height":480,"url":"https:\/\/projektkanonen.dk\/wp-content\/uploads\/2025\/09\/Projektkanonen-logo.png","type":"image\/png"}],"twitter_card":"summary_large_image","twitter_misc":{"Estimeret l\u00e6setid":"2 minutter"},"schema":{"@context":"https:\/\/schema.org","@graph":[{"@type":"WebPage","@id":"https:\/\/projektkanonen.dk\/","url":"https:\/\/projektkanonen.dk\/","name":"Projektkanonen #1 -","isPartOf":{"@id":"https:\/\/projektkanonen.dk\/#website"},"primaryImageOfPage":{"@id":"https:\/\/projektkanonen.dk\/#primaryimage"},"image":{"@id":"https:\/\/projektkanonen.dk\/#primaryimage"},"thumbnailUrl":"https:\/\/projektkanonen.dk\/wp-content\/uploads\/2025\/09\/Projektkanonen-logo.png","datePublished":"2025-09-30T15:53:04+00:00","dateModified":"2025-09-30T18:40:59+00:00","breadcrumb":{"@id":"https:\/\/projektkanonen.dk\/#breadcrumb"},"inLanguage":"da-DK","potentialAction":[{"@type":"ReadAction","target":["https:\/\/projektkanonen.dk\/"]}]},{"@type":"ImageObject","inLanguage":"da-DK","@id":"https:\/\/projektkanonen.dk\/#primaryimage","url":"https:\/\/projektkanonen.dk\/wp-content\/uploads\/2025\/09\/Projektkanonen-logo.png","contentUrl":"https:\/\/projektkanonen.dk\/wp-content\/uploads\/2025\/09\/Projektkanonen-logo.png","width":560,"height":480},{"@type":"BreadcrumbList","@id":"https:\/\/projektkanonen.dk\/#breadcrumb","itemListElement":[{"@type":"ListItem","position":1,"name":"Hjem","item":"https:\/\/projektkanonen.dk\/"},{"@type":"ListItem","position":2,"name":"Projektkanonen #1"}]},{"@type":"WebSite","@id":"https:\/\/projektkanonen.dk\/#website","url":"https:\/\/projektkanonen.dk\/","name":"","description":"","potentialAction":[{"@type":"SearchAction","target":{"@type":"EntryPoint","urlTemplate":"https:\/\/projektkanonen.dk\/?s={search_term_string}"},"query-input":{"@type":"PropertyValueSpecification","valueRequired":true,"valueName":"search_term_string"}}],"inLanguage":"da-DK"}]}},"jetpack_sharing_enabled":true,"_links":{"self":[{"href":"https:\/\/projektkanonen.dk\/index.php?rest_route=\/wp\/v2\/pages\/20","targetHints":{"allow":["GET"]}}],"collection":[{"href":"https:\/\/projektkanonen.dk\/index.php?rest_route=\/wp\/v2\/pages"}],"about":[{"href":"https:\/\/projektkanonen.dk\/index.php?rest_route=\/wp\/v2\/types\/page"}],"author":[{"embeddable":true,"href":"https:\/\/projektkanonen.dk\/index.php?rest_route=\/wp\/v2\/users\/1"}],"replies":[{"embeddable":true,"href":"https:\/\/projektkanonen.dk\/index.php?rest_route=%2Fwp%2Fv2%2Fcomments&post=20"}],"version-history":[{"count":13,"href":"https:\/\/projektkanonen.dk\/index.php?rest_route=\/wp\/v2\/pages\/20\/revisions"}],"predecessor-version":[{"id":88,"href":"https:\/\/projektkanonen.dk\/index.php?rest_route=\/wp\/v2\/pages\/20\/revisions\/88"}],"wp:featuredmedia":[{"embeddable":true,"href":"https:\/\/projektkanonen.dk\/index.php?rest_route=\/wp\/v2\/media\/27"}],"wp:attachment":[{"href":"https:\/\/projektkanonen.dk\/index.php?rest_route=%2Fwp%2Fv2%2Fmedia&parent=20"}],"curies":[{"name":"wp","href":"https:\/\/api.w.org\/{rel}","templated":true}]}}